{"id":8,"date":"2018-09-17T09:30:57","date_gmt":"2018-09-17T09:30:57","guid":{"rendered":"http:\/\/scms.com.pl\/?page_id=8"},"modified":"2023-04-05T12:53:04","modified_gmt":"2023-04-05T12:53:04","slug":"laboratorium","status":"publish","type":"page","link":"https:\/\/scms.com.pl\/?page_id=8","title":{"rendered":"Laboratorium"},"content":{"rendered":"<section class=\"kc-elm kc-css-353270 kc_row\"><div class=\"kc-row-container  kc-container\"><div class=\"kc-wrap-columns\"><div class=\"kc-elm kc-css-415717 kc_col-sm-12 kc_column kc_col-sm-12\"><div class=\"kc-col-container\"><div class=\"kc-elm kc-css-259770 kc_text_block\"><\/p>\n<h1 style=\"text-align: center;\">LABORATORIUM<\/h1>\n<p>\n<\/div>\n<div class=\"kc-elm kc-css-868041 divider_line\">\n\t<div class=\"divider_inner divider_line1\">\n\t\t\t<\/div>\n<\/div>\n<div class=\"kc-elm kc-css-792552\" style=\"height: 20px; clear: both; width:100%;\"><\/div><div class=\"kc-elm kc-css-318324 kc_text_block\"><\/p>\n<p style=\"text-align: left;\" align=\"justify\">ATUTY WSP\u00d3\u0141PRACY ZE \u015aL\u0104SKIM CENTRUM MEDYCYNY S\u0104DOWEJ W BYTOMIU<\/p>\n<p style=\"text-align: left;\" align=\"justify\">Prac\u0119 wykwalifikowanego personelu usprawnia nowocze\u015bnie wyposa\u017cone zaplecze techniczne do wykonywania wysokiej jako\u015bci us\u0142ug diagnostycznych. SCMS mo\u017ce poszczyci\u0107 si\u0119 nowocze\u015bnie wyposa\u017con\u0105 pracowni\u0105 diagnostyki histopatologicznej.<\/p>\n<p style=\"text-align: left;\" align=\"justify\">Dzi\u0119ki inwestycjom w sprz\u0119t diagnostyczny najnowszej generacji i innowacyjne technologie jeste\u015bmy jedn\u0105 z najlepiej wyposa\u017conych plac\u00f3wek w kraju.<\/p>\n<p style=\"text-align: left;\">Posiadamy mi\u0119dzy innymi:<br \/>Procesor tkankowy &#8211; EXCELSIOR ES\u00a0&#8211; pozwalaj\u0105cy na jednorazowe przeprowadzenie nawet 30 kaset<\/p>\n<p style=\"text-align: left;\">Zatapiarka modu\u0142owa &#8211; HISTOSTAR INSTRUMENT\u00a0&#8211; zbiornik do przechowywania materia\u0142\u00f3w mieszcz\u0105cy 6 koszy od procesora EXCELSIOR ES<\/p>\n<p style=\"text-align: left;\">Barwiarka immunohistochemiczna &#8211; WAVE RPD SYSTEM KIT &#8211; posiadaj\u0105ca wbudowany CLERUS RPD SYSTEM<\/p>\n<p style=\"text-align: left;\">Automat do barwienia &#8211; SHANDON VERISTAIN GEMINI\u00a0&#8211; wyposa\u017cony w 26 stacji na odczynniki. Stacje odczynnikowe umieszczone na dw\u00f3ch poziomach umo\u017cliwiaj\u0105 barwienie do 400 preparat\u00f3w jednocze\u015bnie<\/p>\n<p style=\"text-align: left;\">Mikroskop laboratoryjny &#8211; MCX500LILY<\/p>\n<p style=\"text-align: left;\">Mikrotom rotacyjny automatyczny &#8211; MIKROTOME FINESSE ME+<\/p>\n<p style=\"text-align: left;\">Zaklejarka CLEARVUE\u00a0&#8211; urz\u0105dzenie do zaklejania szkie\u0142ek w pe\u0142ni kompatybilne z barwiark\u0105 do preparat\u00f3w histologicznych i cytologicznych.<\/p>\n<p>\n<\/div><div class=\"kc-elm kc-css-597236\" style=\"height: 20px; clear: both; width:100%;\"><\/div>\n<div class=\"kc-elm kc-css-724092 divider_line\">\n\t<div class=\"divider_inner divider_line1\">\n\t\t\t<\/div>\n<\/div>\n<div class=\"kc-elm kc-css-440411\" style=\"height: 20px; clear: both; width:100%;\"><\/div><div class=\"kc-elm kc-css-1289 kc_shortcode kc_single_image\">\n\n        <img decoding=\"async\" src=\"https:\/\/scms.com.pl\/wp-content\/uploads\/2018\/09\/lab11.jpg\" class=\"\" alt=\"\" \/>    <\/div>\n<div class=\"kc-elm kc-css-363596\" style=\"height: 20px; clear: both; width:100%;\"><\/div><\/div><\/div><\/div><\/div><\/section>\n","protected":false},"excerpt":{"rendered":"","protected":false},"author":1,"featured_media":0,"parent":0,"menu_order":0,"comment_status":"closed","ping_status":"closed","template":"page-full-width.php","meta":{"footnotes":""},"_links":{"self":[{"href":"https:\/\/scms.com.pl\/index.php?rest_route=\/wp\/v2\/pages\/8"}],"collection":[{"href":"https:\/\/scms.com.pl\/index.php?rest_route=\/wp\/v2\/pages"}],"about":[{"href":"https:\/\/scms.com.pl\/index.php?rest_route=\/wp\/v2\/types\/page"}],"author":[{"embeddable":true,"href":"https:\/\/scms.com.pl\/index.php?rest_route=\/wp\/v2\/users\/1"}],"replies":[{"embeddable":true,"href":"https:\/\/scms.com.pl\/index.php?rest_route=%2Fwp%2Fv2%2Fcomments&post=8"}],"version-history":[{"count":20,"href":"https:\/\/scms.com.pl\/index.php?rest_route=\/wp\/v2\/pages\/8\/revisions"}],"predecessor-version":[{"id":193,"href":"https:\/\/scms.com.pl\/index.php?rest_route=\/wp\/v2\/pages\/8\/revisions\/193"}],"wp:attachment":[{"href":"https:\/\/scms.com.pl\/index.php?rest_route=%2Fwp%2Fv2%2Fmedia&parent=8"}],"curies":[{"name":"wp","href":"https:\/\/api.w.org\/{rel}","templated":true}]}}