{"id":6,"date":"2018-09-17T09:30:27","date_gmt":"2018-09-17T09:30:27","guid":{"rendered":"http:\/\/scms.com.pl\/?page_id=6"},"modified":"2025-11-03T19:10:00","modified_gmt":"2025-11-03T19:10:00","slug":"scms","status":"publish","type":"page","link":"https:\/\/scms.com.pl\/","title":{"rendered":"SCMS"},"content":{"rendered":"<p><section class=\"kc-elm kc-css-803952 kc_row\"><div class=\"kc-row-container  kc-container\"><div class=\"kc-wrap-columns\"><div class=\"kc-elm kc-css-799513 kc_col-sm-12 kc_column kc_col-sm-12\"><div class=\"kc-col-container\"><div class=\"kc-elm kc-css-810452 kc_text_block\"><\/p>\n<h1 style=\"text-align: center;\">SCMS<\/h1>\n<p>\n<\/div><div class=\"kc-elm kc-css-310988 kc_text_block\"><\/p>\n<h4 style=\"text-align: center;\">\u015aL\u0104SKIE CENTRUM MEDYCYNY S\u0104DOWEJ<\/h4>\n<p>\n<\/div>\n<div class=\"kc-elm kc-css-216971 divider_line\">\n\t<div class=\"divider_inner divider_line1\">\n\t\t\t<\/div>\n<\/div>\n<div class=\"kc-elm kc-css-775823\" style=\"height: 20px; clear: both; width:100%;\"><\/div><div class=\"kc-elm kc-css-359112 kc_text_block\"><\/p>\n<p style=\"text-align: center;\"><iframe loading=\"lazy\" title=\"YouTube video player\" src=\"https:\/\/www.youtube.com\/embed\/jqO0PQaH-Yo\" width=\"760\" height=\"445\" frameborder=\"0\" allowfullscreen=\"allowfullscreen\"><\/iframe><\/p>\n<p>\n<\/div><div class=\"kc-elm kc-css-689483\" style=\"height: 20px; clear: both; width:100%;\"><\/div>\n<div class=\"kc-elm kc-css-840137 divider_line\">\n\t<div class=\"divider_inner divider_line1\">\n\t\t\t<\/div>\n<\/div>\n<div class=\"kc-elm kc-css-100115\" style=\"height: 20px; clear: both; width:100%;\"><\/div><div class=\"kc-elm kc-css-445763 kc_text_block\"><\/p>\n<p>\nSCMS &#8211; jest przedsi\u0119biorstwem podmiotu leczniczego, dzia\u0142aj\u0105cego na podstawie ustaw o dzia\u0142alno\u015bci leczniczej i prawach\u00a0 pacjenta*. Siedzib\u0105 i miejscem udzielania \u015bwiadcze\u0144, \u00a0jest zesp\u00f3\u0142 budynk\u00f3w \u00a0po\u0142o\u017conych w Bytomiu przy ulicy Piekarskiej 103. W sk\u0142ad \u00a0jednostki organizacyjnej \u201e\u015al\u0105skie Centrum Medycyny S\u0105dowej\u201d wchodzi\u00a0 Zak\u0142ad Patomorfologii sk\u0142adaj\u0105cy si\u0119\u00a0 z:<\/p>\n<p>Prosektorium<\/p>\n<p>Pracowni \u00a0histopatologicznej<\/p>\n<p>Gabinet Biopsji Cienkoig\u0142owej<\/p>\n<p>Posiadamy nowoczesne zaplecze, zaprojektowane zgodnie ze \u015bwiatowymi trendami, w kt\u00f3rym pojawiaj\u0105 si\u0119 unikalne rozwi\u0105zania technologiczne oraz nowoczesny sprz\u0119t.<\/p>\n<p>ZAKRES WYKONYWANYCH BADA\u0143<\/p>\n<p>Oferujemy pe\u0142n\u0105 gam\u0119 bada\u0144 histopatologicznych i cytologicznych:<\/p>\n<p>Histopatologiczne w pe\u0142nym zakresie, w tym badania \u015br\u00f3doperacyjne (introwe) i badania immunohistochemiczne<\/p>\n<p>Cytologiczne z materia\u0142u dostarczonego &#8211; cytologia ginekologiczna, materia\u0142 z biopsji<\/p>\n<p>Cytologiczne z wykonaniem biopsji aspiracyjnej cienkoig\u0142owej pod kontrol\u0105 USG.<\/p>\n<p>Mo\u017cliwo\u015b\u0107 uzyskania wyniku w dniu badania.<\/p>\n<p>Badania autopsyjne (z mo\u017cliwo\u015bci\u0105 transportu zw\u0142ok do naszego zak\u0142adu)<\/p>\n<p>Pe\u0142ny zakres bada\u0144 w dziedzinie medycyny s\u0105dowej<\/p>\n<p>\n<\/div><div class=\"kc-elm kc-css-744742\" style=\"height: 20px; clear: both; width:100%;\"><\/div>\n<div class=\"kc-elm kc-css-973418 divider_line\">\n\t<div class=\"divider_inner divider_line1\">\n\t\t\t<\/div>\n<\/div>\n<div class=\"kc-elm kc-css-763503 kc_text_block\"><\/p>\n<p style=\"font-family: Gotham, &#039;Helvetica Neue&#039;, Helvetica, Arial, sans-serif; font-size: 9px; color: #00b2ff; text-align: left;\" align=\"center\">\u00a0<b style=\"color: #000000; font-family: &#039;Helvetica Neue&#039;; -webkit-text-stroke-color: #000000; -webkit-text-stroke-width: initial;\">Ustawa z dnia 15 kwietnia 2011 r. o dzia\u0142alno\u015bci leczniczej (Dz. U poz. 217 z 2013 r. z p\u00f3\u017an. zm.) i przepis\u00f3w wydanych na jej podstawie. Ustawa z dnia 6 listopada 2009 r. o prawach pacjenta i Rzecznikiu Praw Pacjenta (Dz. U 2009 r. Nr 52, poz. 417 z p\u00f3\u017a. zm.)<\/b><\/p>\n<p>\n<\/div><div class=\"kc-elm kc-css-932679 kc_text_block\"><\/p>\n<h1 style=\"text-align: center;\">Posiadane certyfikaty<\/h1>\n<p>\n<\/div><div class=\"kc-elm kc-css-171405\" style=\"height: 20px; clear: both; width:100%;\"><\/div><\/div><\/div><\/div><\/div><\/section><section class=\"kc-elm kc-css-464998 kc_row\"><div class=\"kc-row-container  kc-container\"><div class=\"kc-wrap-columns\"><div class=\"kc-elm kc-css-200528 kc_col-sm-2 kc_column kc_col-sm-2\"><div class=\"kc-col-container\"><div class=\"kc-elm kc-css-214930\" style=\"height: 20px; clear: both; width:100%;\"><\/div><\/div><\/div><div class=\"kc-elm kc-css-587450 kc_col-sm-2 kc_column kc_col-sm-2\"><div class=\"kc-col-container\"><div class=\"kc-elm kc-css-943628 kc_shortcode kc_single_image\">\n\n        <a  href=\"https:\/\/scms.com.pl\/wp-content\/uploads\/SCMSCERT2020-2.jpg\" title=\"\" target=\"\">\n        <img decoding=\"async\" src=\"https:\/\/scms.com.pl\/wp-content\/uploads\/SCMSCERT2020-2.jpg\" class=\"\" alt=\"\" \/><div class=\"kc-image-overlay\"><i class=\"fa-plus\"><\/i><\/div>    <\/a>\n    <\/div>\n<div class=\"kc-elm kc-css-921263\" style=\"height: 20px; clear: both; width:100%;\"><\/div><\/div><\/div><div class=\"kc-elm kc-css-851285 kc_col-sm-2 kc_column kc_col-sm-2\"><div class=\"kc-col-container\"><div class=\"kc-elm kc-css-725972\" style=\"height: 20px; clear: both; width:100%;\"><\/div><\/div><\/div><div class=\"kc-elm kc-css-264177 kc_col-sm-2 kc_column kc_col-sm-2\"><div class=\"kc-col-container\"><div class=\"kc-elm kc-css-705573\" style=\"height: 20px; clear: both; width:100%;\"><\/div><\/div><\/div><div class=\"kc-elm kc-css-737269 kc_col-sm-2 kc_column kc_col-sm-2\"><div class=\"kc-col-container\"><div class=\"kc-elm kc-css-29777 kc_shortcode kc_single_image\">\n\n        <a  href=\"https:\/\/scms.com.pl\/wp-content\/uploads\/certy-1.jpg\" title=\"\" target=\"\">\n        <img decoding=\"async\" src=\"https:\/\/scms.com.pl\/wp-content\/uploads\/certy-1.jpg\" class=\"\" alt=\"\" \/><div class=\"kc-image-overlay\"><i class=\"fa-plus\"><\/i><\/div>    <\/a>\n    <\/div>\n<div class=\"kc-elm kc-css-842810\" style=\"height: 20px; clear: both; width:100%;\"><\/div><\/div><\/div><div class=\"kc-elm kc-css-662643 kc_col-sm-2 kc_column kc_col-sm-2\"><div class=\"kc-col-container\"><div class=\"kc-elm kc-css-508179\" style=\"height: 20px; clear: both; width:100%;\"><\/div><\/div><\/div><\/div><\/div><\/section><section class=\"kc-elm kc-css-706586 kc_row\"><div class=\"kc-row-container  kc-container\"><div class=\"kc-wrap-columns\"><div class=\"kc-elm kc-css-725719 kc_col-sm-12 kc_column kc_col-sm-12\"><div class=\"kc-col-container\">\n<div class=\"kc-elm kc-css-438840 divider_line\">\n\t<div class=\"divider_inner divider_line1\">\n\t\t\t<\/div>\n<\/div>\n<\/div><\/div><\/div><\/div><\/section><section class=\"kc-elm kc-css-907937 kc_row\"><div class=\"kc-row-container  kc-container\"><div class=\"kc-wrap-columns\"><div class=\"kc-elm kc-css-78475 kc_col-sm-12 kc_column kc_col-sm-12\"><div class=\"kc-col-container\"><div class=\"kc-elm kc-css-34741 kc_text_block\"><\/p>\n<p>\n<\/div><\/div><\/div><\/div><\/div><\/section><\/p>\n\n<div class=\"wp-block-image\">\n<figure class=\"aligncenter size-large is-resized\"><img loading=\"lazy\" decoding=\"async\" width=\"731\" height=\"1024\" src=\"http:\/\/scms.com.pl\/wp-content\/uploads\/SLASKIE-CENTRUM-MEDYCYNY-SADOWEJ-Bytom-R2023-731x1024.jpg\" alt=\"\" class=\"wp-image-207\" style=\"width:391px;height:auto\" srcset=\"https:\/\/scms.com.pl\/wp-content\/uploads\/SLASKIE-CENTRUM-MEDYCYNY-SADOWEJ-Bytom-R2023-731x1024.jpg 731w, https:\/\/scms.com.pl\/wp-content\/uploads\/SLASKIE-CENTRUM-MEDYCYNY-SADOWEJ-Bytom-R2023-214x300.jpg 214w, https:\/\/scms.com.pl\/wp-content\/uploads\/SLASKIE-CENTRUM-MEDYCYNY-SADOWEJ-Bytom-R2023-768x1075.jpg 768w, https:\/\/scms.com.pl\/wp-content\/uploads\/SLASKIE-CENTRUM-MEDYCYNY-SADOWEJ-Bytom-R2023-1097x1536.jpg 1097w, https:\/\/scms.com.pl\/wp-content\/uploads\/SLASKIE-CENTRUM-MEDYCYNY-SADOWEJ-Bytom-R2023.jpg 1279w\" sizes=\"(max-width: 731px) 100vw, 731px\" \/><\/figure><\/div>","protected":false},"excerpt":{"rendered":"","protected":false},"author":1,"featured_media":0,"parent":0,"menu_order":0,"comment_status":"closed","ping_status":"closed","template":"page-full-width.php","meta":{"footnotes":""},"_links":{"self":[{"href":"https:\/\/scms.com.pl\/index.php?rest_route=\/wp\/v2\/pages\/6"}],"collection":[{"href":"https:\/\/scms.com.pl\/index.php?rest_route=\/wp\/v2\/pages"}],"about":[{"href":"https:\/\/scms.com.pl\/index.php?rest_route=\/wp\/v2\/types\/page"}],"author":[{"embeddable":true,"href":"https:\/\/scms.com.pl\/index.php?rest_route=\/wp\/v2\/users\/1"}],"replies":[{"embeddable":true,"href":"https:\/\/scms.com.pl\/index.php?rest_route=%2Fwp%2Fv2%2Fcomments&post=6"}],"version-history":[{"count":46,"href":"https:\/\/scms.com.pl\/index.php?rest_route=\/wp\/v2\/pages\/6\/revisions"}],"predecessor-version":[{"id":209,"href":"https:\/\/scms.com.pl\/index.php?rest_route=\/wp\/v2\/pages\/6\/revisions\/209"}],"wp:attachment":[{"href":"https:\/\/scms.com.pl\/index.php?rest_route=%2Fwp%2Fv2%2Fmedia&parent=6"}],"curies":[{"name":"wp","href":"https:\/\/api.w.org\/{rel}","templated":true}]}}