{"id":163,"date":"2019-01-07T12:09:34","date_gmt":"2019-01-07T12:09:34","guid":{"rendered":"http:\/\/scms.com.pl\/?page_id=163"},"modified":"2019-01-07T12:17:11","modified_gmt":"2019-01-07T12:17:11","slug":"logowanie-wyniki-badan","status":"publish","type":"page","link":"https:\/\/scms.com.pl\/?page_id=163","title":{"rendered":"Logowanie"},"content":{"rendered":"<section class=\"kc-elm kc-css-64405 kc_row\"><div class=\"kc-row-container  kc-container\"><div class=\"kc-wrap-columns\"><div class=\"kc-elm kc-css-634950 kc_col-sm-12 kc_column kc_col-sm-12\"><div class=\"kc-col-container\"><div class=\"kc-elm kc_text_block\"><\/p>\n<h1 style=\"text-align: center;\">LOGOWANIE &#8211; WYNIKI BADA\u0143<\/h1>\n<p>\n<\/div>\n<div class=\"kc-elm kc-css-597295 divider_line\">\n\t<div class=\"divider_inner divider_line1\">\n\t\t\t<\/div>\n<\/div>\n<div class=\"kc-elm kc-css-53650\" style=\"height: 20px; clear: both; width:100%;\"><\/div><div class=\"kc-elm kc-css-299558 kc_text_block\"><\/p>\n<p style=\"text-align: center;\" align=\"justify\">Je\u015bli wsp\u00f3\u0142pracujesz z naszym laboratorium, masz mo\u017cliwo\u015b\u0107 skorzystania z funkcjonalno\u015bci umo\u017cliwiaj\u0105cej pobieranie wynik\u00f3w bada\u0144 bezpo\u015brednio z naszego serwera. Proces rejestracji w systemie odbywa si\u0119 tylko podczas osobistego kontaktu w laboratorium. W\u00f3wczas otrzymuje si\u0119 login i has\u0142o dost\u0119powe.<\/p>\n<p style=\"text-align: center;\" align=\"justify\"><a href=\"https:\/\/firma.walicki.eu:8443\/login.php\">ZALOGUJ SI\u0118<\/a><\/p>\n<p>\n<\/div><\/div><\/div><\/div><\/div><\/section>\n","protected":false},"excerpt":{"rendered":"","protected":false},"author":1,"featured_media":0,"parent":0,"menu_order":0,"comment_status":"closed","ping_status":"closed","template":"page-full-width.php","meta":{"footnotes":""},"_links":{"self":[{"href":"https:\/\/scms.com.pl\/index.php?rest_route=\/wp\/v2\/pages\/163"}],"collection":[{"href":"https:\/\/scms.com.pl\/index.php?rest_route=\/wp\/v2\/pages"}],"about":[{"href":"https:\/\/scms.com.pl\/index.php?rest_route=\/wp\/v2\/types\/page"}],"author":[{"embeddable":true,"href":"https:\/\/scms.com.pl\/index.php?rest_route=\/wp\/v2\/users\/1"}],"replies":[{"embeddable":true,"href":"https:\/\/scms.com.pl\/index.php?rest_route=%2Fwp%2Fv2%2Fcomments&post=163"}],"version-history":[{"count":6,"href":"https:\/\/scms.com.pl\/index.php?rest_route=\/wp\/v2\/pages\/163\/revisions"}],"predecessor-version":[{"id":173,"href":"https:\/\/scms.com.pl\/index.php?rest_route=\/wp\/v2\/pages\/163\/revisions\/173"}],"wp:attachment":[{"href":"https:\/\/scms.com.pl\/index.php?rest_route=%2Fwp%2Fv2%2Fmedia&parent=163"}],"curies":[{"name":"wp","href":"https:\/\/api.w.org\/{rel}","templated":true}]}}