{"id":10,"date":"2018-09-17T09:31:15","date_gmt":"2018-09-17T09:31:15","guid":{"rendered":"http:\/\/scms.com.pl\/?page_id=10"},"modified":"2018-09-17T12:41:56","modified_gmt":"2018-09-17T12:41:56","slug":"prosektorium","status":"publish","type":"page","link":"https:\/\/scms.com.pl\/?page_id=10","title":{"rendered":"Prosektorium"},"content":{"rendered":"<section class=\"kc-elm kc-css-124296 kc_row\"><div class=\"kc-row-container  kc-container\"><div class=\"kc-wrap-columns\"><div class=\"kc-elm kc-css-83418 kc_col-sm-12 kc_column kc_col-sm-12\"><div class=\"kc-col-container\"><div class=\"kc-elm kc-css-776824 kc_text_block\"><\/p>\n<h1 style=\"text-align: center;\">PROSEKTORIUM<\/h1>\n<p>\n<\/div>\n<div class=\"kc-elm kc-css-887172 divider_line\">\n\t<div class=\"divider_inner divider_line1\">\n\t\t\t<\/div>\n<\/div>\n<div class=\"kc-elm kc-css-488907\" style=\"height: 20px; clear: both; width:100%;\"><\/div><div class=\"kc-elm kc-css-4699 kc_text_block\"><\/p>\n<p>Posiadamy nowoczesne prosektorium, wyposa\u017cone w sto\u0142y sekcyjne i sprz\u0119t z wysokojako\u015bciowej stali. Pomieszczenia i sala sekcyjna posiadaj\u0105 w\u0142asn\u0105 klimatyzacj\u0119.<\/p>\n<p>Jeste\u015bmy przygotowani do wykonania sekcji s\u0105dowo-lekarskich.<\/p>\n<p>\n<\/div><div class=\"kc-elm kc-css-699342\" style=\"height: 20px; clear: both; width:100%;\"><\/div>\n<div class=\"kc-elm kc-css-338856 divider_line\">\n\t<div class=\"divider_inner divider_line1\">\n\t\t\t<\/div>\n<\/div>\n<div class=\"kc-elm kc-css-932371\" style=\"height: 20px; clear: both; width:100%;\"><\/div><div class=\"kc-elm kc-css-202257 kc_shortcode kc_single_image\">\n\n        <img decoding=\"async\" src=\"https:\/\/scms.com.pl\/wp-content\/uploads\/2018\/09\/lab88.jpg\" class=\"\" alt=\"\" \/>    <\/div>\n<\/div><\/div><\/div><\/div><\/section>\n","protected":false},"excerpt":{"rendered":"","protected":false},"author":1,"featured_media":0,"parent":0,"menu_order":0,"comment_status":"closed","ping_status":"closed","template":"page-full-width.php","meta":{"footnotes":""},"_links":{"self":[{"href":"https:\/\/scms.com.pl\/index.php?rest_route=\/wp\/v2\/pages\/10"}],"collection":[{"href":"https:\/\/scms.com.pl\/index.php?rest_route=\/wp\/v2\/pages"}],"about":[{"href":"https:\/\/scms.com.pl\/index.php?rest_route=\/wp\/v2\/types\/page"}],"author":[{"embeddable":true,"href":"https:\/\/scms.com.pl\/index.php?rest_route=\/wp\/v2\/users\/1"}],"replies":[{"embeddable":true,"href":"https:\/\/scms.com.pl\/index.php?rest_route=%2Fwp%2Fv2%2Fcomments&post=10"}],"version-history":[{"count":7,"href":"https:\/\/scms.com.pl\/index.php?rest_route=\/wp\/v2\/pages\/10\/revisions"}],"predecessor-version":[{"id":146,"href":"https:\/\/scms.com.pl\/index.php?rest_route=\/wp\/v2\/pages\/10\/revisions\/146"}],"wp:attachment":[{"href":"https:\/\/scms.com.pl\/index.php?rest_route=%2Fwp%2Fv2%2Fmedia&parent=10"}],"curies":[{"name":"wp","href":"https:\/\/api.w.org\/{rel}","templated":true}]}}